{"id":14,"date":"2016-02-16T12:27:17","date_gmt":"2016-02-16T11:27:17","guid":{"rendered":"http:\/\/www.aga-og.at\/wordpress\/index.php\/home\/"},"modified":"2022-02-01T14:07:57","modified_gmt":"2022-02-01T13:07:57","slug":"home","status":"publish","type":"page","link":"https:\/\/www.aga-og.at\/","title":{"rendered":"SEO Matters Home"},"content":{"rendered":"<div class=\"art-content-layout\">\n<div class=\"art-content-layout-row\">\n<div class=\"art-layout-cell layout-item-0\" style=\"width: 34%;\">\n<p style=\"padding-right: 29px; padding-bottom: 20px; float: left; font-size: 120px; color: #a82110; text-shadow: 2px 2px 5px #777777; margin-top: -7px;\">1<\/p>\n<h3><a href=\"http:\/\/www.aga-og.at\/index.php\/rettungsgrabungen\/\">Rettungsgrabung<\/a><\/h3>\n<p>Die <strong>AGA &#8211; Arbeitsgemeinschaft Geschichte &amp; Arch\u00e4ologie OG<\/strong> ist auf die Durchf\u00fchrung arch\u00e4ologischer Projekte spezialisiert, die im Zusammenhang mit Stra\u00dfen- und Pipelinebau, Fl\u00e4chenumwidmungen und \u00e4hnlichem durchgef\u00fchrt werden m\u00fcssen, weil Bodendenkmale von der Zerst\u00f6rung bedroht sind.<\/p>\n<\/div>\n<div class=\"art-layout-cell layout-item-0\" style=\"width: 34%;\">\n<p style=\"padding-right: 29px; padding-bottom: 20px; float: left; font-size: 120px; color: #a82110; text-shadow: 2px 2px 5px #777777; margin-top: -7px;\">2<\/p>\n<h3 style=\"text-align: left;\"><a href=\"http:\/\/www.aga-og.at\/index.php\/referenzen\/burgenarchaeologie\/\">Arch\u00e4ologische Prospektionen<\/a><\/h3>\n<p style=\"text-align: left;\">dienen zur Vermeidung von Verz\u00f6gerungen bei Bauprojekten. Vor dem eigentlichen Projektstart durchgef\u00fchrt, kann die Existenz\u00a0arch\u00e4ologischer Fundstellen oder\u00a0Verdachtsfl\u00e4chen festgestellt werden. Dies schr\u00e4nkt die M\u00f6glichkeit von Zufallsfunden w\u00e4hrend der\u00a0Bauarbeiten erheblich ein und vermindert die Gefahr von Baustopps.<\/p>\n<\/div>\n<div class=\"art-layout-cell layout-item-0\" style=\"width: 33%;\">\n<p style=\"padding-right: 70px; padding-bottom: 20px; float: left; font-size: 110px; color: #a82110; text-shadow: 2px 2px 5px #777777; margin-top: -7px;\">3<\/p>\n<h3><a href=\"http:\/\/www.aga-og.at\/index.php\/referenzen\/kirchenarchaeologie\/\">Vermittlung von Wissen<\/a><\/h3>\n<p>Die <strong>AGA-OG<\/strong> f\u00fchrt Projekte in den Bereichen Arch\u00e4ologie und Geschichte durch und engagiert sich in\u00a0der\u00a0Vermittlung wissenschaftlicher und kultureller Inhalte &#8211; in Form von\u00a0Ausstellungen, Vortr\u00e4gen, Publikationen u.\u00e4.<\/p>\n<p style=\"text-align: left;\">\n<\/div>\n<\/div>\n<\/div>\n","protected":false},"excerpt":{"rendered":"<p>1 Rettungsgrabung Die AGA &#8211; Arbeitsgemeinschaft Geschichte &amp; Arch\u00e4ologie OG ist auf die Durchf\u00fchrung arch\u00e4ologischer Projekte spezialisiert, die im Zusammenhang mit Stra\u00dfen- und Pipelinebau, Fl\u00e4chenumwidmungen und \u00e4hnlichem durchgef\u00fchrt werden m\u00fcssen, weil Bodendenkmale von der Zerst\u00f6rung bedroht sind. 2 Arch\u00e4ologische Prospektionen dienen zur Vermeidung von Verz\u00f6gerungen bei Bauprojekten. Vor dem eigentlichen Projektstart durchgef\u00fchrt, kann die Existenz\u00a0arch\u00e4ologischer [&hellip;]<\/p>\n","protected":false},"author":4,"featured_media":0,"parent":0,"menu_order":1,"comment_status":"closed","ping_status":"closed","template":"","meta":{"ngg_post_thumbnail":0,"footnotes":""},"class_list":["post-14","page","type-page","status-publish","hentry"],"_links":{"self":[{"href":"https:\/\/www.aga-og.at\/index.php\/wp-json\/wp\/v2\/pages\/14","targetHints":{"allow":["GET"]}}],"collection":[{"href":"https:\/\/www.aga-og.at\/index.php\/wp-json\/wp\/v2\/pages"}],"about":[{"href":"https:\/\/www.aga-og.at\/index.php\/wp-json\/wp\/v2\/types\/page"}],"author":[{"embeddable":true,"href":"https:\/\/www.aga-og.at\/index.php\/wp-json\/wp\/v2\/users\/4"}],"replies":[{"embeddable":true,"href":"https:\/\/www.aga-og.at\/index.php\/wp-json\/wp\/v2\/comments?post=14"}],"version-history":[{"count":1,"href":"https:\/\/www.aga-og.at\/index.php\/wp-json\/wp\/v2\/pages\/14\/revisions"}],"predecessor-version":[{"id":459,"href":"https:\/\/www.aga-og.at\/index.php\/wp-json\/wp\/v2\/pages\/14\/revisions\/459"}],"wp:attachment":[{"href":"https:\/\/www.aga-og.at\/index.php\/wp-json\/wp\/v2\/media?parent=14"}],"curies":[{"name":"wp","href":"https:\/\/api.w.org\/{rel}","templated":true}]}}